{"id":2639,"date":"2022-11-24T09:48:43","date_gmt":"2022-11-24T09:48:43","guid":{"rendered":"https:\/\/cyberrange.at\/ueber\/"},"modified":"2026-03-09T13:27:12","modified_gmt":"2026-03-09T13:27:12","slug":"ueber","status":"publish","type":"page","link":"https:\/\/cyberrange.at\/de\/ueber\/","title":{"rendered":"\u00dcber"},"content":{"rendered":"\t\t<div data-elementor-type=\"wp-page\" data-elementor-id=\"2639\" class=\"elementor elementor-2639 elementor-989\" data-elementor-post-type=\"page\">\n\t\t\t\t\t\t<section class=\"elementor-section elementor-top-section elementor-element elementor-element-14d8b4b elementor-section-full_width elementor-section-height-default elementor-section-height-default\" data-id=\"14d8b4b\" data-element_type=\"section\" data-e-type=\"section\" id=\"intro\" data-settings=\"{&quot;background_background&quot;:&quot;classic&quot;}\">\n\t\t\t\t\t\t\t<div class=\"elementor-background-overlay\"><\/div>\n\t\t\t\t\t\t\t<div class=\"elementor-container elementor-column-gap-default\">\n\t\t\t\t\t<div class=\"elementor-column elementor-col-100 elementor-top-column elementor-element elementor-element-336a6ee\" data-id=\"336a6ee\" data-element_type=\"column\" data-e-type=\"column\">\n\t\t\t<div class=\"elementor-widget-wrap\">\n\t\t\t\t\t\t\t<\/div>\n\t\t<\/div>\n\t\t\t\t\t<\/div>\n\t\t<\/section>\n\t\t\t\t<section class=\"elementor-section elementor-top-section elementor-element elementor-element-32ae5d0 elementor-section-boxed elementor-section-height-default elementor-section-height-default\" data-id=\"32ae5d0\" data-element_type=\"section\" data-e-type=\"section\" data-settings=\"{&quot;background_background&quot;:&quot;classic&quot;}\">\n\t\t\t\t\t\t<div class=\"elementor-container elementor-column-gap-default\">\n\t\t\t\t\t<div class=\"elementor-column elementor-col-100 elementor-top-column elementor-element elementor-element-81c7666\" data-id=\"81c7666\" data-element_type=\"column\" data-e-type=\"column\">\n\t\t\t<div class=\"elementor-widget-wrap elementor-element-populated\">\n\t\t\t\t\t\t<section class=\"elementor-section elementor-inner-section elementor-element elementor-element-ba7b7a1 elementor-inner-section-10 elementor-reverse-tablet elementor-reverse-mobile elementor-section-boxed elementor-section-height-default elementor-section-height-default\" data-id=\"ba7b7a1\" data-element_type=\"section\" data-e-type=\"section\">\n\t\t\t\t\t\t<div class=\"elementor-container elementor-column-gap-default\">\n\t\t\t\t\t<div class=\"elementor-column elementor-col-50 elementor-inner-column elementor-element elementor-element-1ca3444\" data-id=\"1ca3444\" data-element_type=\"column\" data-e-type=\"column\">\n\t\t\t<div class=\"elementor-widget-wrap elementor-element-populated\">\n\t\t\t\t\t\t<div class=\"elementor-element elementor-element-0c24155 elementor-widget elementor-widget-heading\" data-id=\"0c24155\" data-element_type=\"widget\" data-e-type=\"widget\" data-widget_type=\"heading.default\">\n\t\t\t\t<div class=\"elementor-widget-container\">\n\t\t\t\t\t<h2 class=\"elementor-heading-title elementor-size-default\">\u00dcber<br>Cyber Range<\/h2>\t\t\t\t<\/div>\n\t\t\t\t<\/div>\n\t\t\t\t\t<\/div>\n\t\t<\/div>\n\t\t\t\t<div class=\"elementor-column elementor-col-50 elementor-inner-column elementor-element elementor-element-51b1f08\" data-id=\"51b1f08\" data-element_type=\"column\" data-e-type=\"column\">\n\t\t\t<div class=\"elementor-widget-wrap elementor-element-populated\">\n\t\t\t\t\t\t<div class=\"elementor-element elementor-element-2f4f26e elementor-widget elementor-widget-image\" data-id=\"2f4f26e\" data-element_type=\"widget\" data-e-type=\"widget\" data-widget_type=\"image.default\">\n\t\t\t\t<div class=\"elementor-widget-container\">\n\t\t\t\t\t\t\t\t\t\t\t\t\t\t\t<img fetchpriority=\"high\" decoding=\"async\" width=\"680\" height=\"118\" src=\"https:\/\/cyberrange.at\/wp-content\/uploads\/2022\/11\/stripes_1.svg\" class=\"attachment-full size-full wp-image-2640\" alt=\"\" \/>\t\t\t\t\t\t\t\t\t\t\t\t\t\t\t<\/div>\n\t\t\t\t<\/div>\n\t\t\t\t\t<\/div>\n\t\t<\/div>\n\t\t\t\t\t<\/div>\n\t\t<\/section>\n\t\t\t\t<section class=\"elementor-section elementor-inner-section elementor-element elementor-element-ec30cd2 elementor-inner-section-15 elementor-section-boxed elementor-section-height-default elementor-section-height-default\" data-id=\"ec30cd2\" data-element_type=\"section\" data-e-type=\"section\">\n\t\t\t\t\t\t<div class=\"elementor-container elementor-column-gap-custom\">\n\t\t\t\t\t<div class=\"elementor-column elementor-col-33 elementor-inner-column elementor-element elementor-element-42634b0\" data-id=\"42634b0\" data-element_type=\"column\" data-e-type=\"column\">\n\t\t\t<div class=\"elementor-widget-wrap elementor-element-populated\">\n\t\t\t\t\t\t<div class=\"elementor-element elementor-element-f3b51ab elementor-widget elementor-widget-text-editor\" data-id=\"f3b51ab\" data-element_type=\"widget\" data-e-type=\"widget\" data-widget_type=\"text-editor.default\">\n\t\t\t\t<div class=\"elementor-widget-container\">\n\t\t\t\t\t\t\t\t\t<p>Aufbauend auf dieser Technologie- und Forschungskompetenz wurde das AIT in seiner Rolle als Unterst\u00fctzer der \u00f6sterreichischen Gesellschaft, von Anbietern kritischer Infrastrukturen und Unternehmen mit der Durchf\u00fchrung von Cybersicherheitstrainings und -\u00fcbungen beauftragt &#8211; in dieser Eigenschaft wurde die AIT Cyber Range geboren. <br><br>Der erste gro\u00dfe Einsatz der AIT Cyber Range war das KS\u00d6 Planspiel, das 2017 stattfand. An dieser nationalen technischen Cybersicherheits\u00fcbung nahmen \u00fcber 100 Personen teil, darunter Betreiber kritischer Infrastrukturen und nationale Interessenvertreter. <br><br>Seitdem hat sich die AIT Cyber Range zu einer Einrichtung und einem Team von Weltrang entwickelt . Sie unterst\u00fctzt Organisationen wie die Internationale Atomenergie-Organisation (IAEA) bei Trainingsveranstaltungen und \u00dcbungen. Die IAEA ernannte das AIT au\u00dferdem zum weltweit ersten IAEA Collaborating Centre im Bereich Cybersicherheit f\u00fcr nukleare Sicherheit in den Mitgliedstaaten der IAEA. Dar\u00fcber hinaus f\u00fchrt die AIT Cyber Range Trainings und \u00dcbungen f\u00fcr Kundinnen und Kunden in \u00d6sterreich und dar\u00fcber hinaus durch.   <\/p>\t\t\t\t\t\t\t\t<\/div>\n\t\t\t\t<\/div>\n\t\t\t\t\t<\/div>\n\t\t<\/div>\n\t\t\t\t<div class=\"elementor-column elementor-col-33 elementor-inner-column elementor-element elementor-element-1f383b5\" data-id=\"1f383b5\" data-element_type=\"column\" data-e-type=\"column\">\n\t\t\t<div class=\"elementor-widget-wrap elementor-element-populated\">\n\t\t\t\t\t\t\t<\/div>\n\t\t<\/div>\n\t\t\t\t<div class=\"elementor-column elementor-col-33 elementor-inner-column elementor-element elementor-element-59fdcdd\" data-id=\"59fdcdd\" data-element_type=\"column\" data-e-type=\"column\">\n\t\t\t<div class=\"elementor-widget-wrap\">\n\t\t\t\t\t\t\t<\/div>\n\t\t<\/div>\n\t\t\t\t\t<\/div>\n\t\t<\/section>\n\t\t\t\t\t<\/div>\n\t\t<\/div>\n\t\t\t\t\t<\/div>\n\t\t<\/section>\n\t\t\t\t<\/div>\n\t\t","protected":false},"excerpt":{"rendered":"<p>\u00dcberCyber Range Aufbauend auf dieser Technologie- und Forschungskompetenz wurde das AIT in seiner Rolle als Unterst\u00fctzer der \u00f6sterreichischen Gesellschaft, von Anbietern kritischer Infrastrukturen und Unternehmen mit der Durchf\u00fchrung von Cybersicherheitstrainings und -\u00fcbungen beauftragt &#8211; in dieser Eigenschaft wurde die AIT Cyber Range geboren. Der erste gro\u00dfe Einsatz der AIT Cyber Range war das KS\u00d6 Planspiel, [&hellip;]<\/p>\n","protected":false},"author":7,"featured_media":0,"parent":0,"menu_order":0,"comment_status":"closed","ping_status":"closed","template":"","meta":{"inline_featured_image":false,"rank_math_title":"Cyber Range: Das AIT Kompetenzzentrum","rank_math_description":"Erfahren Sie mehr \u00fcber die AIT Cyber Range, \u00d6sterreichs f\u00fchrendes Kompetenzzentrum f\u00fcr Cybersicherheitstrainings und -\u00fcbungen. Seit 2017 unterst\u00fctzen wir kritische Infrastrukturen und Organisationen wie die IAEA. Jetzt informieren!","rank_math_focus_keyword":"Cyber Range, Cybersicherheit Training, AIT Cyber Range","rank_math_seo_score":"","footnotes":""},"class_list":["post-2639","page","type-page","status-publish","hentry"],"_links":{"self":[{"href":"https:\/\/cyberrange.at\/de\/wp-json\/wp\/v2\/pages\/2639","targetHints":{"allow":["GET"]}}],"collection":[{"href":"https:\/\/cyberrange.at\/de\/wp-json\/wp\/v2\/pages"}],"about":[{"href":"https:\/\/cyberrange.at\/de\/wp-json\/wp\/v2\/types\/page"}],"author":[{"embeddable":true,"href":"https:\/\/cyberrange.at\/de\/wp-json\/wp\/v2\/users\/7"}],"replies":[{"embeddable":true,"href":"https:\/\/cyberrange.at\/de\/wp-json\/wp\/v2\/comments?post=2639"}],"version-history":[{"count":6,"href":"https:\/\/cyberrange.at\/de\/wp-json\/wp\/v2\/pages\/2639\/revisions"}],"predecessor-version":[{"id":2799,"href":"https:\/\/cyberrange.at\/de\/wp-json\/wp\/v2\/pages\/2639\/revisions\/2799"}],"wp:attachment":[{"href":"https:\/\/cyberrange.at\/de\/wp-json\/wp\/v2\/media?parent=2639"}],"curies":[{"name":"wp","href":"https:\/\/api.w.org\/{rel}","templated":true}]}}