{"id":2665,"date":"2018-06-12T10:49:22","date_gmt":"2018-06-12T10:49:22","guid":{"rendered":"https:\/\/cyberrange.at\/impressum\/"},"modified":"2026-03-09T13:27:05","modified_gmt":"2026-03-09T13:27:05","slug":"impressum","status":"publish","type":"page","link":"https:\/\/cyberrange.at\/de\/impressum\/","title":{"rendered":"Impressum"},"content":{"rendered":"\t\t<div data-elementor-type=\"wp-page\" data-elementor-id=\"2665\" class=\"elementor elementor-2665 elementor-12\" data-elementor-post-type=\"page\">\n\t\t\t\t\t\t<section class=\"elementor-section elementor-top-section elementor-element elementor-element-6f6b79f elementor-section-full_width elementor-section-height-default elementor-section-height-default\" data-id=\"6f6b79f\" data-element_type=\"section\" data-e-type=\"section\" id=\"intro\" data-settings=\"{&quot;background_background&quot;:&quot;classic&quot;}\">\n\t\t\t\t\t\t\t<div class=\"elementor-background-overlay\"><\/div>\n\t\t\t\t\t\t\t<div class=\"elementor-container elementor-column-gap-default\">\n\t\t\t\t\t<div class=\"elementor-column elementor-col-100 elementor-top-column elementor-element elementor-element-ebfb248\" data-id=\"ebfb248\" data-element_type=\"column\" data-e-type=\"column\">\n\t\t\t<div class=\"elementor-widget-wrap\">\n\t\t\t\t\t\t\t<\/div>\n\t\t<\/div>\n\t\t\t\t\t<\/div>\n\t\t<\/section>\n\t\t\t\t<section class=\"elementor-section elementor-top-section elementor-element elementor-element-2fd5eec elementor-section-boxed elementor-section-height-default elementor-section-height-default\" data-id=\"2fd5eec\" data-element_type=\"section\" data-e-type=\"section\" data-settings=\"{&quot;background_background&quot;:&quot;classic&quot;}\">\n\t\t\t\t\t\t<div class=\"elementor-container elementor-column-gap-default\">\n\t\t\t\t\t<div class=\"elementor-column elementor-col-100 elementor-top-column elementor-element elementor-element-ba24afc\" data-id=\"ba24afc\" data-element_type=\"column\" data-e-type=\"column\">\n\t\t\t<div class=\"elementor-widget-wrap elementor-element-populated\">\n\t\t\t\t\t\t<section class=\"elementor-section elementor-inner-section elementor-element elementor-element-d3486c8 elementor-section-full_width elementor-inner-section-15 elementor-section-height-default elementor-section-height-default\" data-id=\"d3486c8\" data-element_type=\"section\" data-e-type=\"section\">\n\t\t\t\t\t\t<div class=\"elementor-container elementor-column-gap-custom\">\n\t\t\t\t\t<div class=\"elementor-column elementor-col-50 elementor-inner-column elementor-element elementor-element-4029234\" data-id=\"4029234\" data-element_type=\"column\" data-e-type=\"column\">\n\t\t\t<div class=\"elementor-widget-wrap elementor-element-populated\">\n\t\t\t\t\t\t<div class=\"elementor-element elementor-element-35bba34 elementor-widget elementor-widget-html\" data-id=\"35bba34\" data-element_type=\"widget\" data-e-type=\"widget\" data-widget_type=\"html.default\">\n\t\t\t\t<div class=\"elementor-widget-container\">\n\t\t\t\t\t<svg xmlns=\"http:\/\/www.w3.org\/2000\/svg\" width=\"49.595\" height=\"33.705\" viewbox=\"0 0 49.595 33.705\"><path d=\"M136.2,70.58l33.7-33.705h-15.89l-33.7,33.705Z\" transform=\"translate(-120.307 -36.874)\" fill=\"#5d6c73\"><\/path><\/svg>\t\t\t\t<\/div>\n\t\t\t\t<\/div>\n\t\t\t\t<div class=\"elementor-element elementor-element-a21c03a elementor-widget elementor-widget-heading\" data-id=\"a21c03a\" data-element_type=\"widget\" data-e-type=\"widget\" data-widget_type=\"heading.default\">\n\t\t\t\t<div class=\"elementor-widget-container\">\n\t\t\t\t\t<h1 class=\"elementor-heading-title elementor-size-default\">IMPRESSUM<\/h1>\t\t\t\t<\/div>\n\t\t\t\t<\/div>\n\t\t\t\t<div class=\"elementor-element elementor-element-1945663 elementor-widget elementor-widget-text-editor\" data-id=\"1945663\" data-element_type=\"widget\" data-e-type=\"widget\" data-widget_type=\"text-editor.default\">\n\t\t\t\t<div class=\"elementor-widget-container\">\n\t\t\t\t\t\t\t\t\t<p><strong>AIT Austrian Institute of Technology GmbH<\/strong><br>Giefinggasse 4 | 1210 Wien | \u00d6sterreich<\/p><p><strong>Servicekontakt:<br><\/strong>Unternehmens- und Marketingkommunikation <a title=\"\u00d6ffnet ein Fenster zum Senden einer E-Mail\">cmc(at)ait.ac.at<\/a><\/p><p><span style=\"color: var( --e-global-color-text ); font-family: var( --e-global-typography-text-font-family ), Sans-serif; background-color: var( --e-global-color-11b663e );\"><b>Firmenbuchnummer<br><\/b><\/span><span style=\"color: var( --e-global-color-text ); font-family: var( --e-global-typography-text-font-family ), Sans-serif; font-weight: var( --e-global-typography-text-font-weight ); background-color: var( --e-global-color-11b663e );\">FN 115980i<\/span><\/p><p>F\u00fcr das Firmenbuch zust\u00e4ndiges Gericht:<br>Handelsgericht Wien<\/p><p><strong>Umsatzsteuer-Identifikationsnummer:<\/strong><br>ATU14703506<\/p><p><strong>Kammer:<\/strong><br>Wirtschaftskammer Wien<\/p><p><strong>Verweis auf und Zugang zu den geltenden Handels- oder Berufsvorschriften:<\/strong><br>Anwendbare gesetzliche Vorschriften finden Sie unter: www.ris.bka.gv.at<\/p><p><strong>Unternehmensgegenstand:<br><\/strong>Forschungs- und Entwicklungsprojekte jeglicher Art einschlie\u00dflich damit verbundener Dienstleistungen<\/p><p><strong>Gesch\u00e4ftsf\u00fchrer:<br><\/strong><sup>DIin <\/sup>Dr<sup>.in<\/sup> Brigitte Bach, MSc, Gesch\u00e4ftsf\u00fchrerin, Sprecherin der Gesch\u00e4ftsf\u00fchrung Univ.-Prof. Dr. Andreas Kugi, Mag. Alexander Svejkovsky  <\/p><p><strong>PR\u00c4SIDENT DES AUFSICHTSRATES<\/strong><br>Peter Schwab (voestalpine AG)<\/p><p><strong>STELLVERTRETENDE VORSITZENDE DES AUFSICHTSRATES<\/strong><br>Mag. Isabella Meran-Waldstein (Industriellenvereinigung IV) <br>DI Katja Schechtner (MIT Senseable City <span lang=\"en\">Lab<\/span>) <\/p><p><strong>AUFSICHTSGREMIUM<\/strong><\/p><p>Mag. Hannah Glatz (Bundesministerium f\u00fcr Innovation, Mobilit\u00e4t und Infrastruktur (BMIMI))<br>DI Harald Loos (Siemens AG \u00d6sterreich)<br>DI Mag. Wolfgang Pell (Verbund AG)<br>Dr. Beate El-Chichakli (Bundesministerium f\u00fcr Innovation, Mobilit\u00e4t und Infrastruktur (BMIMI))<br>Mag<sup>.a<\/sup> Karin Tausz (\u00d6sterreichische Forschungsf\u00f6rderungsgesellschaft FFG)<br>Dr. Dipl. Ing Brigitte Ratzer (TU Wien)<br>Mag. Anton Schantl (Magna Steyr Fahrzeugtechnik)<br>Henriette Spyra, B.A., M.A. (Leiterin der Sektion III &#8222;Innovation und Technologie&#8220;, Bundesministerium f\u00fcr Innovation, Mobilit\u00e4t und Infrastruktur (BMIMI))    <\/p><p>von der Belegschaftsvertretung in den Aufsichtsrat entsandt:<\/p><p>Dr. Ursula Sauer, Betriebsratsvorsitzende<br>Christian G\u00e4rtner, MSc<br>Mag. Andrew Lindley<br>Mag. Elisabeth Mrakotsky-Kolm<br>DI Thomas Matyus<br>DI Hubert Umschaden    <\/p><p><strong>Aktion\u00e4re:<\/strong><br>Republik \u00d6sterreich (Ministerium f\u00fcr Klimaschutz, Umwelt, Energie, Mobilit\u00e4t, Innovation und Technologie &#8211; BMK): 50,46%;<br>Vereinigung der \u00d6sterreichischen Industrie: 49.54%<\/p><p><strong>Grundlegendes Ziel:<\/strong><br>Die AIT Austrian Institute of Technology GmbH ist Eigent\u00fcmerin der Website. Die Website und der Newsletter, der auf der Website abonniert werden kann, dienen der Information \u00fcber die Aktivit\u00e4ten und Leistungen der AIT Austrian Institute of Technology GmbH.<\/p><p><strong>AIT-Haftungsausschluss:<\/strong><br>https:\/\/www.ait.ac.at\/en\/disclaimer-data-protection\/<\/p><p><strong>AIT wird mit dem Pro-Ethik-Siegel des \u00d6sterreichischen Werberats ausgezeichnet:<\/strong><\/p><p><strong><img decoding=\"async\" src=\"https:\/\/cyberrange.at\/wp-content\/uploads\/2022\/11\/einleitung.jpg\" alt=\"\" width=\"165\" height=\"105\"> <\/strong><\/p>\t\t\t\t\t\t\t\t<\/div>\n\t\t\t\t<\/div>\n\t\t\t\t\t<\/div>\n\t\t<\/div>\n\t\t\t\t<div class=\"elementor-column elementor-col-50 elementor-inner-column elementor-element elementor-element-a92f150\" data-id=\"a92f150\" data-element_type=\"column\" data-e-type=\"column\">\n\t\t\t<div class=\"elementor-widget-wrap elementor-element-populated\">\n\t\t\t\t\t\t<div class=\"elementor-element elementor-element-c8fa5a6 elementor-widget elementor-widget-image\" data-id=\"c8fa5a6\" data-element_type=\"widget\" data-e-type=\"widget\" data-settings=\"{&quot;sticky&quot;:&quot;top&quot;,&quot;sticky_on&quot;:[&quot;desktop&quot;],&quot;sticky_offset&quot;:20,&quot;sticky_parent&quot;:&quot;yes&quot;,&quot;sticky_effects_offset&quot;:0,&quot;sticky_anchor_link_offset&quot;:0}\" data-widget_type=\"image.default\">\n\t\t\t\t<div class=\"elementor-widget-container\">\n\t\t\t\t\t\t\t\t\t\t\t\t\t\t\t<img fetchpriority=\"high\" decoding=\"async\" width=\"800\" height=\"174\" src=\"https:\/\/cyberrange.at\/wp-content\/uploads\/2022\/11\/AIT_Logo_ohne_claim_RGB-1024x223.png\" class=\"attachment-large size-large wp-image-2667\" alt=\"\" srcset=\"https:\/\/cyberrange.at\/wp-content\/uploads\/2022\/11\/AIT_Logo_ohne_claim_RGB-1024x223.png 1024w, https:\/\/cyberrange.at\/wp-content\/uploads\/2022\/11\/AIT_Logo_ohne_claim_RGB-300x65.png 300w, https:\/\/cyberrange.at\/wp-content\/uploads\/2022\/11\/AIT_Logo_ohne_claim_RGB-768x168.png 768w, https:\/\/cyberrange.at\/wp-content\/uploads\/2022\/11\/AIT_Logo_ohne_claim_RGB-1536x335.png 1536w, https:\/\/cyberrange.at\/wp-content\/uploads\/2022\/11\/AIT_Logo_ohne_claim_RGB-2048x447.png 2048w\" sizes=\"(max-width: 800px) 100vw, 800px\" \/>\t\t\t\t\t\t\t\t\t\t\t\t\t\t\t<\/div>\n\t\t\t\t<\/div>\n\t\t\t\t\t<\/div>\n\t\t<\/div>\n\t\t\t\t\t<\/div>\n\t\t<\/section>\n\t\t\t\t\t<\/div>\n\t\t<\/div>\n\t\t\t\t\t<\/div>\n\t\t<\/section>\n\t\t\t\t<\/div>\n\t\t","protected":false},"excerpt":{"rendered":"<p>IMPRESSUM AIT Austrian Institute of Technology GmbHGiefinggasse 4 | 1210 Wien | \u00d6sterreich Servicekontakt:Unternehmens- und Marketingkommunikation cmc(at)ait.ac.at FirmenbuchnummerFN 115980i F\u00fcr das Firmenbuch zust\u00e4ndiges Gericht:Handelsgericht Wien Umsatzsteuer-Identifikationsnummer:ATU14703506 Kammer:Wirtschaftskammer Wien Verweis auf und Zugang zu den geltenden Handels- oder Berufsvorschriften:Anwendbare gesetzliche Vorschriften finden Sie unter: www.ris.bka.gv.at Unternehmensgegenstand:Forschungs- und Entwicklungsprojekte jeglicher Art einschlie\u00dflich damit verbundener Dienstleistungen Gesch\u00e4ftsf\u00fchrer:DIin Dr.in [&hellip;]<\/p>\n","protected":false},"author":3,"featured_media":0,"parent":0,"menu_order":10,"comment_status":"closed","ping_status":"closed","template":"","meta":{"inline_featured_image":false,"rank_math_title":"Impressum: AIT CyberRange | Kontaktdaten & Infos","rank_math_description":"AIT CyberRange Impressum: Finden Sie alle wichtigen Informationen zu AIT Austrian Institute of Technology GmbH, Kontakt, Firmenbuchnummer und mehr.","rank_math_focus_keyword":"Impressum, AIT CyberRange, AIT Austrian Institute of Technology","rank_math_seo_score":"","footnotes":""},"class_list":["post-2665","page","type-page","status-publish","hentry"],"_links":{"self":[{"href":"https:\/\/cyberrange.at\/de\/wp-json\/wp\/v2\/pages\/2665","targetHints":{"allow":["GET"]}}],"collection":[{"href":"https:\/\/cyberrange.at\/de\/wp-json\/wp\/v2\/pages"}],"about":[{"href":"https:\/\/cyberrange.at\/de\/wp-json\/wp\/v2\/types\/page"}],"author":[{"embeddable":true,"href":"https:\/\/cyberrange.at\/de\/wp-json\/wp\/v2\/users\/3"}],"replies":[{"embeddable":true,"href":"https:\/\/cyberrange.at\/de\/wp-json\/wp\/v2\/comments?post=2665"}],"version-history":[{"count":11,"href":"https:\/\/cyberrange.at\/de\/wp-json\/wp\/v2\/pages\/2665\/revisions"}],"predecessor-version":[{"id":2827,"href":"https:\/\/cyberrange.at\/de\/wp-json\/wp\/v2\/pages\/2665\/revisions\/2827"}],"wp:attachment":[{"href":"https:\/\/cyberrange.at\/de\/wp-json\/wp\/v2\/media?parent=2665"}],"curies":[{"name":"wp","href":"https:\/\/api.w.org\/{rel}","templated":true}]}}