{"id":2677,"date":"2022-11-15T09:58:55","date_gmt":"2022-11-15T09:58:55","guid":{"rendered":"https:\/\/cyberrange.at\/bedingungen-haftungsausschluss-datenschutz\/"},"modified":"2026-03-09T13:27:26","modified_gmt":"2026-03-09T13:27:26","slug":"bedingungen-haftungsausschluss-datenschutz","status":"publish","type":"page","link":"https:\/\/cyberrange.at\/de\/bedingungen-haftungsausschluss-datenschutz\/","title":{"rendered":"Bedingungen, Haftungsausschluss &#038; Datenschutz"},"content":{"rendered":"\t\t<div data-elementor-type=\"wp-page\" data-elementor-id=\"2677\" class=\"elementor elementor-2677 elementor-453\" data-elementor-post-type=\"page\">\n\t\t\t\t\t\t<section class=\"elementor-section elementor-top-section elementor-element elementor-element-69ab8b2 elementor-section-full_width elementor-section-height-default elementor-section-height-default\" data-id=\"69ab8b2\" data-element_type=\"section\" data-e-type=\"section\" id=\"intro\" data-settings=\"{&quot;background_background&quot;:&quot;classic&quot;}\">\n\t\t\t\t\t\t\t<div class=\"elementor-background-overlay\"><\/div>\n\t\t\t\t\t\t\t<div class=\"elementor-container elementor-column-gap-default\">\n\t\t\t\t\t<div class=\"elementor-column elementor-col-100 elementor-top-column elementor-element elementor-element-e4457c5\" data-id=\"e4457c5\" data-element_type=\"column\" data-e-type=\"column\">\n\t\t\t<div class=\"elementor-widget-wrap\">\n\t\t\t\t\t\t\t<\/div>\n\t\t<\/div>\n\t\t\t\t\t<\/div>\n\t\t<\/section>\n\t\t\t\t<section class=\"elementor-section elementor-top-section elementor-element elementor-element-5e77d9e elementor-section-boxed elementor-section-height-default elementor-section-height-default\" data-id=\"5e77d9e\" data-element_type=\"section\" data-e-type=\"section\" data-settings=\"{&quot;background_background&quot;:&quot;classic&quot;}\">\n\t\t\t\t\t\t<div class=\"elementor-container elementor-column-gap-default\">\n\t\t\t\t\t<div class=\"elementor-column elementor-col-100 elementor-top-column elementor-element elementor-element-e900d5f\" data-id=\"e900d5f\" data-element_type=\"column\" data-e-type=\"column\">\n\t\t\t<div class=\"elementor-widget-wrap elementor-element-populated\">\n\t\t\t\t\t\t<section class=\"elementor-section elementor-inner-section elementor-element elementor-element-7cdb11d elementor-section-full_width elementor-section-height-default elementor-section-height-default\" data-id=\"7cdb11d\" data-element_type=\"section\" data-e-type=\"section\">\n\t\t\t\t\t\t<div class=\"elementor-container elementor-column-gap-custom\">\n\t\t\t\t\t<div class=\"elementor-column elementor-col-50 elementor-inner-column elementor-element elementor-element-b51adc7\" data-id=\"b51adc7\" data-element_type=\"column\" data-e-type=\"column\">\n\t\t\t<div class=\"elementor-widget-wrap elementor-element-populated\">\n\t\t\t\t\t\t<div class=\"elementor-element elementor-element-633887a elementor-widget elementor-widget-html\" data-id=\"633887a\" data-element_type=\"widget\" data-e-type=\"widget\" data-widget_type=\"html.default\">\n\t\t\t\t<div class=\"elementor-widget-container\">\n\t\t\t\t\t<svg xmlns=\"http:\/\/www.w3.org\/2000\/svg\" width=\"49.595\" height=\"33.705\" viewbox=\"0 0 49.595 33.705\"><path d=\"M136.2,70.58l33.7-33.705h-15.89l-33.7,33.705Z\" transform=\"translate(-120.307 -36.874)\" fill=\"#5d6c73\"><\/path><\/svg>\t\t\t\t<\/div>\n\t\t\t\t<\/div>\n\t\t\t\t<div class=\"elementor-element elementor-element-f5be80f elementor-widget elementor-widget-heading\" data-id=\"f5be80f\" data-element_type=\"widget\" data-e-type=\"widget\" data-widget_type=\"heading.default\">\n\t\t\t\t<div class=\"elementor-widget-container\">\n\t\t\t\t\t<h2 class=\"elementor-heading-title elementor-size-default\">DATA POLICY<\/h2>\t\t\t\t<\/div>\n\t\t\t\t<\/div>\n\t\t\t\t<div class=\"elementor-element elementor-element-858afe9 elementor-widget elementor-widget-text-editor\" data-id=\"858afe9\" data-element_type=\"widget\" data-e-type=\"widget\" data-widget_type=\"text-editor.default\">\n\t\t\t\t<div class=\"elementor-widget-container\">\n\t\t\t\t\t\t\t\t\t<p><b>AIT Austrian Institute of Technology GmbH<br><\/b>Giefinggasse 4; 1210 Wien; \u00d6sterreich<br>office(at)ait.ac.at; +43 50550-0<\/p><p><b>B\u00fcro f\u00fcr Datenschutz:<\/b> <br>dpo(at)ait.ac.at<\/p><p>Wenn AIT Austrian Institute of Technology GmbH Ihre pers\u00f6nlichen Daten verarbeitet, haben Sie das Recht auf Zugang zu Ihren pers\u00f6nlichen Daten. Dar\u00fcber hinaus haben Sie das Recht, die Berichtigung oder L\u00f6schung Ihrer Daten zu verlangen. Sie haben ferner das Recht, die Einschr\u00e4nkung der Verarbeitung oder das Recht auf \u00dcbermittlung Ihrer Daten an einen anderen f\u00fcr die Verarbeitung Verantwortlichen unter den besonderen Bedingungen der Allgemeinen Datenschutzverordnung zu verlangen. Dar\u00fcber hinaus haben Sie das Recht, der Verarbeitung Ihrer personenbezogenen Daten zu widersprechen.   <\/p><p>Wenn Ihre personenbezogenen Daten auf der Grundlage Ihrer Einwilligung verarbeitet werden, haben Sie das Recht, Ihre Einwilligung jederzeit zu widerrufen. Der Widerruf der Einwilligung ber\u00fchrt nicht die Rechtm\u00e4\u00dfigkeit der Verarbeitung aufgrund der Einwilligung vor deren Widerruf. <\/p><p>Wenn Sie der Meinung sind, dass Ihre Daten unrechtm\u00e4\u00dfig verarbeitet werden, haben Sie das Recht, eine Beschwerde bei der Datenschutzbeh\u00f6rde einzureichen (www.dsb.gv.at).<\/p><p>Um Ihre Rechte auszu\u00fcben, wenden Sie sich bitte an office(at)ait.ac.at.<\/p><p>Die AIT Austrian Institute of Technology GmbH verarbeitet personenbezogene Daten gem\u00e4\u00df \u00a7 2d Abs. 2 Forschungsorganisationsgesetz.<\/p><p>\u00a9 2020 AIT Austrian Institute of Technology GmbH. Alle Rechte vorbehalten. <\/p>\t\t\t\t\t\t\t\t<\/div>\n\t\t\t\t<\/div>\n\t\t\t\t\t<\/div>\n\t\t<\/div>\n\t\t\t\t<div class=\"elementor-column elementor-col-50 elementor-inner-column elementor-element elementor-element-bc90d91\" data-id=\"bc90d91\" data-element_type=\"column\" data-e-type=\"column\">\n\t\t\t<div class=\"elementor-widget-wrap elementor-element-populated\">\n\t\t\t\t\t\t<div class=\"elementor-element elementor-element-ad88367 elementor-widget elementor-widget-html\" data-id=\"ad88367\" data-element_type=\"widget\" data-e-type=\"widget\" data-widget_type=\"html.default\">\n\t\t\t\t<div class=\"elementor-widget-container\">\n\t\t\t\t\t<svg xmlns=\"http:\/\/www.w3.org\/2000\/svg\" width=\"49.595\" height=\"33.705\" viewbox=\"0 0 49.595 33.705\"><path d=\"M136.2,70.58l33.7-33.705h-15.89l-33.7,33.705Z\" transform=\"translate(-120.307 -36.874)\" fill=\"#5d6c73\"><\/path><\/svg>\t\t\t\t<\/div>\n\t\t\t\t<\/div>\n\t\t\t\t<div class=\"elementor-element elementor-element-42ee322 elementor-widget elementor-widget-heading\" data-id=\"42ee322\" data-element_type=\"widget\" data-e-type=\"widget\" data-widget_type=\"heading.default\">\n\t\t\t\t<div class=\"elementor-widget-container\">\n\t\t\t\t\t<h2 class=\"elementor-heading-title elementor-size-default\">HAFTUNGSAUSSCHLUSS<\/h2>\t\t\t\t<\/div>\n\t\t\t\t<\/div>\n\t\t\t\t<div class=\"elementor-element elementor-element-2a5e02b elementor-widget elementor-widget-text-editor\" data-id=\"2a5e02b\" data-element_type=\"widget\" data-e-type=\"widget\" data-widget_type=\"text-editor.default\">\n\t\t\t\t<div class=\"elementor-widget-container\">\n\t\t\t\t\t\t\t\t\t<p>Die Inhalte der von AIT Austrian Institute of Technology GmbH (im Folgenden AIT genannt) oder LKR Leichtmetallkompetenzzentrum Ranshofen GmbH (im Folgenden LKR genannt) erstellten und unterhaltenen Webseiten des Informationssystems sowie alle darin enthaltenen Informationen, einschlie\u00dflich Text, Grafiken, Bilder, Design und Quellcode oder andere Formen, sind und bleiben Eigentum von AIT und sind durch Urheberrechte, Marken, Patente, Lizenzen oder andere Eigentumsrechte oder Gesetze gesch\u00fctzt.<\/p><p>Kein Teil dieser Website darf ohne die vorherige schriftliche Zustimmung von AIT oder LKR ver\u00e4ndert, kopiert, verteilt, ver\u00f6ffentlicht, verschickt oder \u00fcbertragen werden. Die Nutzer d\u00fcrfen die dargestellten Inhalte f\u00fcr den pers\u00f6nlichen, nicht-kommerziellen Gebrauch herunterladen, ausdrucken und weitergeben, vorausgesetzt, die Inhalte bleiben unver\u00e4ndert. Alle Kopien von oder Ausz\u00fcge aus diesen Seiten m\u00fcssen alle Urheberrechtsvermerke oder andere Eigentumsvermerke von AIT oder LKR oder des Eigent\u00fcmers des Urheberrechts, der Marke, des Patents oder anderer Rechte enthalten. Die kommerzielle Nutzung oder Verbreitung bedarf der vorherigen schriftlichen Zustimmung von AIT oder LKR. Die Erstellung und Verbreitung von ver\u00e4nderten, erweiterten, gek\u00fcrzten oder \u00fcbersetzten Inhalten bedarf der vorherigen schriftlichen Zustimmung von AIT oder LKR. Sie sind berechtigt, Hyperlinks zu diesen AIT- oder LKR-Seiten einzurichten, sind jedoch verpflichtet, eine klare Trennung zwischen den von Ihnen bereitgestellten Informationen und den von AIT oder LKR bereitgestellten Informationen vorzunehmen. Die AIT- oder LKR-Seiten d\u00fcrfen nicht den Anschein erwecken, Teil Ihrer eigenen Homepage zu sein. Diese Seiten enthalten Links zu Internetseiten Dritter, die nicht unter der Kontrolle von AIT oder LKR stehen. AIT \u00fcbernimmt daher keinerlei Haftung f\u00fcr den Inhalt dieser Seiten, insbesondere nicht f\u00fcr deren Rechtm\u00e4\u00dfigkeit und Gesetzm\u00e4\u00dfigkeit. Bitte teilen Sie uns mit, wenn diese Links deaktiviert sind oder falsch oder unangemessen erscheinen oder wenn andere Probleme mit den von AIT oder LKR unterhaltenen Seiten auftreten.         <\/p><p><span style=\"font-family: var( --e-global-typography-text-font-family ), Sans-serif; font-weight: var( --e-global-typography-text-font-weight ); background-color: var( --e-global-color-11b663e );\">Nach den \u00fcblichen gesetzlichen Bestimmungen ist der Betreiber einer Website f\u00fcr deren Inhalt verantwortlich. Die Inhalte dieser Website wurden mit gr\u00f6\u00dftm\u00f6glicher Sorgfalt erstellt. Dennoch schlie\u00dft AIT jede Haftung f\u00fcr die Richtigkeit, Vollst\u00e4ndigkeit und Aktualit\u00e4t der auf dieser Website sichtbaren Seiten aus.  <\/span><\/p>\t\t\t\t\t\t\t\t<\/div>\n\t\t\t\t<\/div>\n\t\t\t\t\t<\/div>\n\t\t<\/div>\n\t\t\t\t\t<\/div>\n\t\t<\/section>\n\t\t\t\t<section class=\"elementor-section elementor-inner-section elementor-element elementor-element-6d0fb82 elementor-section-full_width elementor-section-height-default elementor-section-height-default\" data-id=\"6d0fb82\" data-element_type=\"section\" data-e-type=\"section\">\n\t\t\t\t\t\t<div class=\"elementor-container elementor-column-gap-custom\">\n\t\t\t\t\t<div class=\"elementor-column elementor-col-50 elementor-inner-column elementor-element elementor-element-7632f2d\" data-id=\"7632f2d\" data-element_type=\"column\" data-e-type=\"column\">\n\t\t\t<div class=\"elementor-widget-wrap elementor-element-populated\">\n\t\t\t\t\t\t<div class=\"elementor-element elementor-element-7c24d8c elementor-widget elementor-widget-html\" data-id=\"7c24d8c\" data-element_type=\"widget\" data-e-type=\"widget\" data-widget_type=\"html.default\">\n\t\t\t\t<div class=\"elementor-widget-container\">\n\t\t\t\t\t<svg xmlns=\"http:\/\/www.w3.org\/2000\/svg\" width=\"49.595\" height=\"33.705\" viewbox=\"0 0 49.595 33.705\"><path d=\"M136.2,70.58l33.7-33.705h-15.89l-33.7,33.705Z\" transform=\"translate(-120.307 -36.874)\" fill=\"#5d6c73\"><\/path><\/svg>\t\t\t\t<\/div>\n\t\t\t\t<\/div>\n\t\t\t\t<div class=\"elementor-element elementor-element-c5cfdf9 elementor-widget elementor-widget-heading\" data-id=\"c5cfdf9\" data-element_type=\"widget\" data-e-type=\"widget\" data-widget_type=\"heading.default\">\n\t\t\t\t<div class=\"elementor-widget-container\">\n\t\t\t\t\t<h2 class=\"elementor-heading-title elementor-size-default\">COOKIES<\/h2>\t\t\t\t<\/div>\n\t\t\t\t<\/div>\n\t\t\t\t<div class=\"elementor-element elementor-element-b771ea1 elementor-widget elementor-widget-text-editor\" data-id=\"b771ea1\" data-element_type=\"widget\" data-e-type=\"widget\" data-widget_type=\"text-editor.default\">\n\t\t\t\t<div class=\"elementor-widget-container\">\n\t\t\t\t\t\t\t\t\t<p><strong>\u00dcber unsere Cookie-Richtlinie.<\/strong><br>Diese Cookie-Richtlinie erkl\u00e4rt, was Cookies sind und wie wir sie verwenden. Sie sollten diese Richtlinie lesen, um zu verstehen, was Cookies sind, wie wir sie verwenden, welche Arten von Cookies wir verwenden, d.h. welche Informationen wir mit Hilfe von Cookies sammeln und wie diese Informationen verwendet werden und wie Sie die Cookie-Einstellungen steuern k\u00f6nnen. Weitere Informationen dar\u00fcber, wie wir Ihre pers\u00f6nlichen Daten verwenden, speichern und sicher aufbewahren, finden Sie in unserer Datenschutzrichtlinie.  <\/p><p>Sie k\u00f6nnen Ihre Zustimmung jederzeit in der Cookie-Erkl\u00e4rung auf unserer Website \u00e4ndern oder widerrufen.<\/p><p>Erfahren Sie mehr dar\u00fcber, wer wir sind, wie Sie uns kontaktieren k\u00f6nnen und wie wir pers\u00f6nliche Daten verarbeiten, in unserer Datenschutzerkl\u00e4rung.<\/p><p><strong>Was sind Cookies?<\/strong><br>Cookies sind kleine Textdateien, die dazu dienen, kleine Informationen zu speichern. Die Cookies werden auf Ihrem Ger\u00e4t gespeichert, wenn die Website in Ihrem Browser geladen wird. Diese Cookies helfen uns, die Website ordnungsgem\u00e4\u00df funktionieren zu lassen, die Website sicherer zu machen, eine bessere Benutzererfahrung zu bieten und zu verstehen, wie die Website funktioniert und zu analysieren, was funktioniert und wo sie verbessert werden muss.  <\/p><p><strong>Wie verwenden wir Cookies?<\/strong><br>Wie die meisten Online-Dienste verwendet auch unsere Website Cookies von Erstanbietern und Drittanbietern f\u00fcr eine Reihe von Zwecken. Die Cookies von Erstanbietern sind meist notwendig, damit die Website richtig funktioniert, und sie erfassen keine personenbezogenen Daten von Ihnen. <\/p><p>Die Cookies von Drittanbietern, die auf unseren Websites verwendet werden, dienen haupts\u00e4chlich dazu, zu verstehen, wie die Website funktioniert, wie Sie mit unserer Website interagieren, unsere Dienste sicher zu halten, Ihnen f\u00fcr Sie relevante Werbung bereitzustellen und Ihnen insgesamt eine bessere und verbesserte Benutzererfahrung zu bieten und Ihre zuk\u00fcnftigen Interaktionen mit unserer Website zu beschleunigen.<\/p><p><strong>Welche Arten von Cookies verwenden wir?<\/strong><br>In der folgenden Liste sind die auf unserer Website verwendeten Cookies aufgef\u00fchrt.<\/p><p>Sie k\u00f6nnen Ihre Cookie-Pr\u00e4ferenzen verwalten, indem Sie auf die Schaltfl\u00e4che &#8222;Einstellungen&#8220; klicken und die Cookie-Kategorien auf dem Popup entsprechend Ihren Pr\u00e4ferenzen aktivieren oder deaktivieren.<\/p><div><a id=\"wt-cli-settings-btn\" tabindex=\"0\" role='button' style=\"border-bottom:1px solid; text-decoration:none; text-decoration:none;\" class=\"wt-cli-element cli_settings_button\"  >Cookie settings<\/a><\/div>\t\t\t\t\t\t\t\t<\/div>\n\t\t\t\t<\/div>\n\t\t\t\t\t<\/div>\n\t\t<\/div>\n\t\t\t\t<div class=\"elementor-column elementor-col-50 elementor-inner-column elementor-element elementor-element-2af2ccb\" data-id=\"2af2ccb\" data-element_type=\"column\" data-e-type=\"column\">\n\t\t\t<div class=\"elementor-widget-wrap\">\n\t\t\t\t\t\t\t<\/div>\n\t\t<\/div>\n\t\t\t\t\t<\/div>\n\t\t<\/section>\n\t\t\t\t\t<\/div>\n\t\t<\/div>\n\t\t\t\t\t<\/div>\n\t\t<\/section>\n\t\t\t\t<\/div>\n\t\t","protected":false},"excerpt":{"rendered":"<p>DATA POLICY AIT Austrian Institute of Technology GmbHGiefinggasse 4; 1210 Wien; \u00d6sterreichoffice(at)ait.ac.at; +43 50550-0 B\u00fcro f\u00fcr Datenschutz: dpo(at)ait.ac.at Wenn AIT Austrian Institute of Technology GmbH Ihre pers\u00f6nlichen Daten verarbeitet, haben Sie das Recht auf Zugang zu Ihren pers\u00f6nlichen Daten. Dar\u00fcber hinaus haben Sie das Recht, die Berichtigung oder L\u00f6schung Ihrer Daten zu verlangen. Sie haben [&hellip;]<\/p>\n","protected":false},"author":7,"featured_media":0,"parent":0,"menu_order":0,"comment_status":"closed","ping_status":"closed","template":"","meta":{"inline_featured_image":false,"rank_math_title":"Datenschutz & Haftung: AIT CyberRange Infos","rank_math_description":"Datenschutz, Haftungsausschluss & Cookies der AIT CyberRange im \u00dcberblick. Informieren Sie sich jetzt \u00fcber Ihre Rechte und unsere Bedingungen!","rank_math_focus_keyword":"Datenschutz AIT, Haftungsausschluss, CyberRange Bedingungen","rank_math_seo_score":"","footnotes":""},"class_list":["post-2677","page","type-page","status-publish","hentry"],"_links":{"self":[{"href":"https:\/\/cyberrange.at\/de\/wp-json\/wp\/v2\/pages\/2677","targetHints":{"allow":["GET"]}}],"collection":[{"href":"https:\/\/cyberrange.at\/de\/wp-json\/wp\/v2\/pages"}],"about":[{"href":"https:\/\/cyberrange.at\/de\/wp-json\/wp\/v2\/types\/page"}],"author":[{"embeddable":true,"href":"https:\/\/cyberrange.at\/de\/wp-json\/wp\/v2\/users\/7"}],"replies":[{"embeddable":true,"href":"https:\/\/cyberrange.at\/de\/wp-json\/wp\/v2\/comments?post=2677"}],"version-history":[{"count":4,"href":"https:\/\/cyberrange.at\/de\/wp-json\/wp\/v2\/pages\/2677\/revisions"}],"predecessor-version":[{"id":2734,"href":"https:\/\/cyberrange.at\/de\/wp-json\/wp\/v2\/pages\/2677\/revisions\/2734"}],"wp:attachment":[{"href":"https:\/\/cyberrange.at\/de\/wp-json\/wp\/v2\/media?parent=2677"}],"curies":[{"name":"wp","href":"https:\/\/api.w.org\/{rel}","templated":true}]}}